{"id":283,"date":"2015-02-23T22:31:27","date_gmt":"2015-02-23T22:31:27","guid":{"rendered":"http:\/\/www.stop-fracking-kiel.de\/wordpress\/?page_id=283"},"modified":"2015-02-23T22:31:27","modified_gmt":"2015-02-23T22:31:27","slug":"konzerne","status":"publish","type":"page","link":"http:\/\/www.stop-fracking-kiel.de\/wordpress\/?page_id=283","title":{"rendered":"Konzerne"},"content":{"rendered":"<p><b>Konzerne und ihre Interessen in Schleswig-Holstein<\/b><\/p>\n<p>W\u00e4hrend Fracking in Frankreich landesweit verboten ist, ist Schleswig-Holstein ein El Dorado f\u00fcr die F\u00f6rderfirmen: im Raum Kiel sind Bewilligungen und Explorationsgenehmigungen f\u00fcr die Firmen RWE Dea und PRD Energy erteilt, die Central Anglia AS plant in der Gemeinde Sterup nach\u00a0 geologischen Voruntersuchungen bereits 2015 die vermutete Lagerst\u00e4tte durch seismische Vermessungen konkreter bestimmen.<\/p>\n<p>Aufgrund der g\u00fcnstigen Rahmenbedingungen in Deutschland, wie z.B. Rechtssicherheit und politische Stabilit\u00e4t, hervorragende Infrastruktur oder geringe Geb\u00fchrenh\u00f6he rechnen die Konzerne schon heute mit hohen Gewinnen. Unternehmerische Risiken k\u00f6nnten zuk\u00fcnftig durch TTIP und CETA sogar bis zum Rundum-sorglos-Paket\u00a0 schrumpfen, besonders beim Investitionsschutz. Kein Wunder, dass sich Goldgr\u00e4berstimmung ausbreitet, denn wer jetzt schnell ist, kann sich dank des veralteten Bergrechts ins Gesch\u00e4ft bringen.<\/p>\n<p>&nbsp;<\/p>\n<p><strong>Konzernstrategien zum Fracking:\u00a0<\/strong><\/p>\n<p><em>In den Medien den Zweifel s\u00e4en<\/em><\/p>\n<p>Es ist erwiesen, dass Fracking massiv die Umwelt und die Gesundheit sch\u00e4digt. Im texanischen Frack-Dorado, dem \u201eBarnett Shale\u201c, ist die Brustkrebsrate um 20 % gestiegen (Texas Center for Disease Control, 2011). Die Luftverschmutzung durch Fracking verursacht verschiedenste Erkrankung. So steigt die Rate an entz\u00fcndlichen Darmerkrankungen, die z. T. chirurgische Teilentfernungen n\u00f6tig machen, um bis zu 40 %.(Air pollution: An environmental factor contributing to intestinal disease. University of Alberta, 2011). Unter der Internetadresse http:\/\/pennsylvaniaallianceforcleanwaterandair.wordpress.com\/the-list\/ kann man sich die \u201elist of the harmed\u201c durchlesen. Protokolle von \u00fcber 2.000 Menschen, die durch Fracking erkrankten. Einige sind dieses Jahr an Krebs gestorben.<\/p>\n<p>Die Konzerne jedoch f\u00fchren einen Medien-Krieg gegen die Menschen, der sie bisher hunderte Millionen US Dollar gekostet hat. Sie l\u00fcgen gezielt, wenn sie behaupten, Fracking sei sicher und CO2 freundlich.<\/p>\n<p>Es ist eingepreist, dabei entlarvt zu werden. Sie setzen auf den Zweifel. Es ist dieselbe Strategie, die EXXON f\u00e4hrt, um den Klimawandel in Frage zu stellen und dieselbe Strategie, welche die US-Tabakindustrie in den 50ern einsetzte, um die Fakten \u00fcber Krebserkrankungen durch Rauchen zu diskreditieren. Die Presse-Firma die sich das ausgedacht hatte, hei\u00dft \u201eHill &amp; Knowlton\u201c. Sie wurde au\u00dferdem eingesetzt, um die Kernschmelze im Reaktor von Harrisburg in 1979 runterzuspielen, und sie erfand die Geschichte der von irakischen Soldaten ermordeten Fr\u00fchgeborenen im Al-Adnan-Krankenhaus in Kuwait-Stadt, die als ma\u00dfgebliche psychologische Vorbereitung der US-Bev\u00f6lkerung f\u00fcr den ersten Irakkrieg gilt.<\/p>\n<p>Heute arbeitet H&amp;K u. a. f\u00fcr die amerikanische Gasindustrie, f\u00fcr EXXON selbst, f\u00fcr Gazprom, RWE\/DEA und Regierungen, die Probleme wegen Menschenrechtsverst\u00f6\u00dfen haben. Sie coacht au\u00dferdem Manager und Politiker im Umgang mit Umweltkatastrophen. Au\u00dfer einem Saubermann-Image durch pseudosoziale Aktivit\u00e4ten \u2013 RWE kauft sich in den naturwissenschaftlichen Schulunterricht ein und bezahlt Lehrerfortbildungen \u2013 geh\u00f6ren zum Paket die sog. Dialogstrategie und die enge \u201eZusammenarbeit\u201c mit der Wissenschaft.<\/p>\n<p>Da gibt es z. B. das \u201eForum f\u00fcr Zukunftsenergien e. V.\u201c. Dies ist laut Selbstbezeichnung \u201edie einzige politisch unabh\u00e4ngige und branchenneutrale Institution der Energiewirtschaft im vorparlamentarischen Raum\u201c. Mitglieder sind die Umweltminsterien der Bundesl\u00e4nder und die Konzerne. Zust\u00e4ndig f\u00fcr Dienstleistung und Forschung sind u. a. Hill &amp; Knowlton. Dort werden beispielsweise mit Unterst\u00fctzung von der Deutschen Bank und dem Gaskonzern GDF\/Suez Veranstaltungen durchgef\u00fchrt, in denen Fracking als Zukunftstechnologie gefeatured wird.<\/p>\n<p>Unter Sch\u00fctzenhilfe des Magdeburger Helmholtzzentrums erstellt Exxon eine Fracking-Risikostudie im Zuge des \u201eInformations- und Dialogprozess(es)\u201c, die Fracking erm\u00f6glichen soll, erstellt von \u201eneutralen\u201c Wissenschaftlern. Zum Beispiel von Priv. Doz. Dr. Zhengmeng Hou, vom Institut f\u00fcr Erd\u00f6l- und Erdgastechnik (ITE) an der TU-Clausthal. Institut und Professur werden dabei allerdings komplett von der \u00d6l- und Gasindustrie finanziert. Der Leiter der \u201eAG Toxikologie und Grundwasser\u201c, dieser Studie, Prof. Dr. Fritz Frimmel, war bis zu seiner Emeritierung Leiter einer Forschungsstelle der deutschen Strom- und Energielobby am Karlsruher Institut f\u00fcr Technologie.<\/p>\n<p>Mittlerweile gibt es weltweit ein von den Konzernen installiertes Netz von Instituten und \u201eExperten\u201c, die sich gegenseitig zitieren, um seri\u00f6se Wissenschaft zu torpedieren und in den Medien pr\u00e4sent zu bleiben. Wenn, wie zur Zeit Vertreter_innen von RWE\/DEA, \u00fcber die D\u00f6rfer auch in Schleswig-Holstein tingeln, dann hat das nichts mit Dialog zu tun. Es geht darum, den Widerstand schon im Vorfeld zu brechen. Das US-Justizministerium stellte die Tabakindustrie 1999 vor Gericht. Als Grundlage diente der RICO Act, ein Gesetz gegen die organisierte Kriminalit\u00e4t, um die Mafia zu bek\u00e4mpfen. (Jens R.)<\/p>\n<div><\/div>\n","protected":false},"excerpt":{"rendered":"<p>Konzerne und ihre Interessen in Schleswig-Holstein W\u00e4hrend Fracking in Frankreich landesweit verboten ist, ist Schleswig-Holstein ein El Dorado f\u00fcr die F\u00f6rderfirmen: im Raum Kiel sind Bewilligungen und Explorationsgenehmigungen f\u00fcr die Firmen RWE Dea und PRD Energy erteilt, die Central Anglia AS plant in der Gemeinde Sterup nach\u00a0 geologischen Voruntersuchungen bereits 2015 die vermutete Lagerst\u00e4tte durch <a href='http:\/\/www.stop-fracking-kiel.de\/wordpress\/?page_id=283' class='excerpt-more'>[&#8230;]<\/a><\/p>\n","protected":false},"author":1,"featured_media":0,"parent":0,"menu_order":0,"comment_status":"closed","ping_status":"closed","template":"","meta":{"footnotes":""},"class_list":["post-283","page","type-page","status-publish","hentry","post-seq-1","post-parity-odd","meta-position-corners","fix"],"_links":{"self":[{"href":"http:\/\/www.stop-fracking-kiel.de\/wordpress\/index.php?rest_route=\/wp\/v2\/pages\/283","targetHints":{"allow":["GET"]}}],"collection":[{"href":"http:\/\/www.stop-fracking-kiel.de\/wordpress\/index.php?rest_route=\/wp\/v2\/pages"}],"about":[{"href":"http:\/\/www.stop-fracking-kiel.de\/wordpress\/index.php?rest_route=\/wp\/v2\/types\/page"}],"author":[{"embeddable":true,"href":"http:\/\/www.stop-fracking-kiel.de\/wordpress\/index.php?rest_route=\/wp\/v2\/users\/1"}],"replies":[{"embeddable":true,"href":"http:\/\/www.stop-fracking-kiel.de\/wordpress\/index.php?rest_route=%2Fwp%2Fv2%2Fcomments&post=283"}],"version-history":[{"count":1,"href":"http:\/\/www.stop-fracking-kiel.de\/wordpress\/index.php?rest_route=\/wp\/v2\/pages\/283\/revisions"}],"predecessor-version":[{"id":286,"href":"http:\/\/www.stop-fracking-kiel.de\/wordpress\/index.php?rest_route=\/wp\/v2\/pages\/283\/revisions\/286"}],"wp:attachment":[{"href":"http:\/\/www.stop-fracking-kiel.de\/wordpress\/index.php?rest_route=%2Fwp%2Fv2%2Fmedia&parent=283"}],"curies":[{"name":"wp","href":"https:\/\/api.w.org\/{rel}","templated":true}]}}