{"id":323,"date":"2015-02-23T23:33:13","date_gmt":"2015-02-23T23:33:13","guid":{"rendered":"http:\/\/www.stop-fracking-kiel.de\/wordpress\/?page_id=323"},"modified":"2015-02-23T23:35:06","modified_gmt":"2015-02-23T23:35:06","slug":"ttip-ceta","status":"publish","type":"page","link":"http:\/\/www.stop-fracking-kiel.de\/wordpress\/?page_id=323","title":{"rendered":"TTIP &#038; CETA"},"content":{"rendered":"<p><a href=\"http:\/\/www.stop-fracking-kiel.de\/wordpress\/wp-content\/uploads\/2015\/02\/TTIP_protest.jpg\"><img loading=\"lazy\" decoding=\"async\" class=\"alignleft size-full wp-image-326\" src=\"http:\/\/www.stop-fracking-kiel.de\/wordpress\/wp-content\/uploads\/2015\/02\/TTIP_protest.jpg\" alt=\"TTIP_protest\" width=\"717\" height=\"535\" srcset=\"http:\/\/www.stop-fracking-kiel.de\/wordpress\/wp-content\/uploads\/2015\/02\/TTIP_protest.jpg 717w, http:\/\/www.stop-fracking-kiel.de\/wordpress\/wp-content\/uploads\/2015\/02\/TTIP_protest-300x224.jpg 300w\" sizes=\"auto, (max-width: 717px) 100vw, 717px\" \/><\/a><\/p>\n<p>&nbsp;<\/p>\n<p><strong>Gefahren durch TTIP und CETA<\/strong><\/p>\n<p>TTIP ist die Abk\u00fcrzung f\u00fcr das Freihandelsabkommen \u201eTransatlantic Trade and Investment Partnership\u201c. Damit sollen der Handel zwischen Nordamerika und Europa erleichtert und Handelshemmnisse abgebaut werden.<\/p>\n<p>Unsere Schutzrechte f\u00fcr Lebensmittel, Arzneimittel, Arbeitnehmer und Umwelt sind dadurch in Gefahr. Bestimmenden Einfluss auf die Verhandlungen haben insbesondere Konzernvertreter. Parlamentarier, Medien, Gewerkschaften, Verbraucher- und Umweltschutzverb\u00e4nde bleiben bislang au\u00dfen vor!<\/p>\n<p>CETA ist ein \u00e4hnliches, auch geheim verhandeltes Abkommen der EU mit Kanada, dessen Grundsatzvereinbarungen schon unterzeichnet wurden.<\/p>\n<p><strong>TTIP h\u00f6hlt Demokratie und Rechtsstaat aus.<\/strong><\/p>\n<p>Konzerne k\u00f6nnten k\u00fcnftig Staaten auf hohe Schadensersatzzahlungen verklagen, wenn diese Staaten Gesetze verabschieden, die Konzern-Gewinne schm\u00e4lern.<\/p>\n<p>Dar\u00fcber w\u00fcrde au\u00dferhalb der staatlichen Gerichtsbarkeit in geheimen Verhandlungen geurteilt und Investoren auf die Ebene von Staaten gehoben.<\/p>\n<p><strong>TTIP \u00f6ffnet Privatisierungen T\u00fcr und Tor.<\/strong><\/p>\n<p>Das Abkommen k\u00f6nnte es Konzernen\/Investoren erm\u00f6glichen, auf Kosten der Allgemeinheit Profite bei Wasserversorgung, Gesundheit und Bildung zu erzielen.<\/p>\n<p><strong>TTIP wird im Geheimen verhandelt.<\/strong><\/p>\n<p>So will man Proteste gegen diese Pl\u00e4ne vermeiden.<\/p>\n<p><strong>TTIP ist praktisch unumkehrbar.<\/strong><\/p>\n<p>Bei jeder \u00c4nderung m\u00fcssten alle Vertragspartner zustimmen.<\/p>\n<p>Mit diesem Abkommen k\u00f6nnten Konzerne\/Investoren ihre Gewinninteressen in allen Lebensbereichen gegen unsere elementaren B\u00fcrgerinteressen durchsetzen.<\/p>\n<p>Von Demokratie kann keine Rede mehr sein, wenn Konzerne entscheiden k\u00f6nnten, welches Ma\u00df an Schutz f\u00fcr unsere Umwelt, Nahrungsmittelsicherheit, Gesundheit, Arbeitsbedingungen und Daten gilt.<\/p>\n<p>Beispiel: Kanada hat in einem gef\u00e4hrdeten Gebiet Fracking vorerst gestoppt und wurde allein deshalb von einem US-Konzern auf 250 Millionen Dollar Schadensersatz verklagt.<\/p>\n<p>Infos: <a href=\"http:\/\/www.know-ttip.eu\" target=\"_blank\">www.know-ttip.eu<\/a><\/p>\n","protected":false},"excerpt":{"rendered":"<p>&nbsp; Gefahren durch TTIP und CETA TTIP ist die Abk\u00fcrzung f\u00fcr das Freihandelsabkommen \u201eTransatlantic Trade and Investment Partnership\u201c. Damit sollen der Handel zwischen Nordamerika und Europa erleichtert und Handelshemmnisse abgebaut werden. Unsere Schutzrechte f\u00fcr Lebensmittel, Arzneimittel, Arbeitnehmer und Umwelt sind dadurch in Gefahr. Bestimmenden Einfluss auf die Verhandlungen haben insbesondere Konzernvertreter. Parlamentarier, Medien, Gewerkschaften, Verbraucher- <a href='http:\/\/www.stop-fracking-kiel.de\/wordpress\/?page_id=323' class='excerpt-more'>[&#8230;]<\/a><\/p>\n","protected":false},"author":1,"featured_media":0,"parent":0,"menu_order":0,"comment_status":"closed","ping_status":"closed","template":"","meta":{"footnotes":""},"class_list":["post-323","page","type-page","status-publish","hentry","post-seq-1","post-parity-odd","meta-position-corners","fix"],"_links":{"self":[{"href":"http:\/\/www.stop-fracking-kiel.de\/wordpress\/index.php?rest_route=\/wp\/v2\/pages\/323","targetHints":{"allow":["GET"]}}],"collection":[{"href":"http:\/\/www.stop-fracking-kiel.de\/wordpress\/index.php?rest_route=\/wp\/v2\/pages"}],"about":[{"href":"http:\/\/www.stop-fracking-kiel.de\/wordpress\/index.php?rest_route=\/wp\/v2\/types\/page"}],"author":[{"embeddable":true,"href":"http:\/\/www.stop-fracking-kiel.de\/wordpress\/index.php?rest_route=\/wp\/v2\/users\/1"}],"replies":[{"embeddable":true,"href":"http:\/\/www.stop-fracking-kiel.de\/wordpress\/index.php?rest_route=%2Fwp%2Fv2%2Fcomments&post=323"}],"version-history":[{"count":2,"href":"http:\/\/www.stop-fracking-kiel.de\/wordpress\/index.php?rest_route=\/wp\/v2\/pages\/323\/revisions"}],"predecessor-version":[{"id":327,"href":"http:\/\/www.stop-fracking-kiel.de\/wordpress\/index.php?rest_route=\/wp\/v2\/pages\/323\/revisions\/327"}],"wp:attachment":[{"href":"http:\/\/www.stop-fracking-kiel.de\/wordpress\/index.php?rest_route=%2Fwp%2Fv2%2Fmedia&parent=323"}],"curies":[{"name":"wp","href":"https:\/\/api.w.org\/{rel}","templated":true}]}}