{"id":79,"date":"2015-01-04T20:45:07","date_gmt":"2015-01-04T20:45:07","guid":{"rendered":"http:\/\/www.stop-fracking-kiel.de\/wordpress\/?page_id=79"},"modified":"2015-01-04T20:51:23","modified_gmt":"2015-01-04T20:51:23","slug":"ploen-ost","status":"publish","type":"page","link":"http:\/\/www.stop-fracking-kiel.de\/wordpress\/?page_id=79","title":{"rendered":"Pl\u00f6n-Ost"},"content":{"rendered":"<p>Informationen \u00fcber das Bewilligungsfeld Pl\u00f6n-Ost<\/p>\n<p><a href=\"http:\/\/www.stop-fracking-kiel.de\/wordpress\/wp-content\/uploads\/2015\/01\/Lageriss_Ploen_optm.pdf\" target=\"_blank\">Lageriss_Ploen_optm<\/a>.pdf<\/p>\n","protected":false},"excerpt":{"rendered":"<p>Informationen \u00fcber das Bewilligungsfeld Pl\u00f6n-Ost Lageriss_Ploen_optm.pdf<\/p>\n","protected":false},"author":1,"featured_media":0,"parent":0,"menu_order":0,"comment_status":"closed","ping_status":"closed","template":"","meta":{"footnotes":""},"class_list":["post-79","page","type-page","status-publish","hentry","post-seq-1","post-parity-odd","meta-position-corners","fix"],"_links":{"self":[{"href":"http:\/\/www.stop-fracking-kiel.de\/wordpress\/index.php?rest_route=\/wp\/v2\/pages\/79","targetHints":{"allow":["GET"]}}],"collection":[{"href":"http:\/\/www.stop-fracking-kiel.de\/wordpress\/index.php?rest_route=\/wp\/v2\/pages"}],"about":[{"href":"http:\/\/www.stop-fracking-kiel.de\/wordpress\/index.php?rest_route=\/wp\/v2\/types\/page"}],"author":[{"embeddable":true,"href":"http:\/\/www.stop-fracking-kiel.de\/wordpress\/index.php?rest_route=\/wp\/v2\/users\/1"}],"replies":[{"embeddable":true,"href":"http:\/\/www.stop-fracking-kiel.de\/wordpress\/index.php?rest_route=%2Fwp%2Fv2%2Fcomments&post=79"}],"version-history":[{"count":2,"href":"http:\/\/www.stop-fracking-kiel.de\/wordpress\/index.php?rest_route=\/wp\/v2\/pages\/79\/revisions"}],"predecessor-version":[{"id":91,"href":"http:\/\/www.stop-fracking-kiel.de\/wordpress\/index.php?rest_route=\/wp\/v2\/pages\/79\/revisions\/91"}],"wp:attachment":[{"href":"http:\/\/www.stop-fracking-kiel.de\/wordpress\/index.php?rest_route=%2Fwp%2Fv2%2Fmedia&parent=79"}],"curies":[{"name":"wp","href":"https:\/\/api.w.org\/{rel}","templated":true}]}}